{"id":1035,"date":"2020-12-01T12:03:20","date_gmt":"2020-12-01T10:03:20","guid":{"rendered":"https:\/\/en.naqa.gov.ua\/?page_id=1035"},"modified":"2025-06-27T17:22:22","modified_gmt":"2025-06-27T14:22:22","slug":"advisory-board","status":"publish","type":"page","link":"https:\/\/en.naqa.gov.ua\/?page_id=1035","title":{"rendered":"Personal composition"},"content":{"rendered":"<section class=\"kc-elm kc-css-601912 kc_row\"><div class=\"kc-row-container  kc-container\"><div class=\"kc-wrap-columns\"><div class=\"kc-elm kc-css-735773 kc_col-sm-12 kc_column kc_col-sm-12\"><div class=\"kc-col-container\">\n<div class=\"kc-elm kc-css-5810 kc-title-wrap \">\n\n\t<h1 class=\"kc_title\">Advisory Board<\/h1>\n<\/div>\n<div class=\"kc-elm kc-css-434564 kc_text_block\"><p>NAQA Advisory Board was established by NAQA decision of November 17, 2020. It consists of leading foreign specialists who are recognized experts in the field of quality assurance in higher education to consider issues that require expert evaluation, proposals, consultations or professional evaluation of draft documents submitted to the NAQA.<\/p>\n<p><a href=\"https:\/\/en.naqa.gov.ua\/wp-content\/uploads\/2021\/03\/PROVISIONS-on-the-Advisory-\u0421ouncil-of-the-National-Agency-for-Higher-Education-Quality-Assurance.pdf\">PROVISIONS on the Advisory Board of the National Agency for Higher Education Quality Assurance<\/a><\/p>\n<\/div><\/div><\/div><\/div><\/div><\/section><section class=\"kc-elm kc-css-173514 kc_row\"><div class=\"kc-row-container  kc-container\"><div class=\"kc-wrap-columns\"><div class=\"kc-elm kc-css-368231 kc_col-sm-4 kc_column kc_col-sm-4\"><div class=\"kc-col-container\">\n<div class=\"kc-elm kc-css-274532 kc-title-wrap \">\n\n\t<h3 class=\"kc_title\"><a href=\"https:\/\/en.naqa.gov.ua\/?page_id=5001\" class=\"kc_title_link\" title=\"\" target=\"\">Anca Prisacariu \u2013 Head of the Advisory Board\u00a0<\/a><\/h3>\n<\/div>\n<div class=\"kc-elm kc-css-957534 kc_shortcode kc_single_image\">\n\n        <img decoding=\"async\" src=\"https:\/\/en.naqa.gov.ua\/wp-content\/uploads\/2025\/06\/Anca-Prisacariu-300x300.png\" class=\"\" alt=\"\" \/>    <\/div>\n<\/div><\/div><div class=\"kc-elm kc-css-2933 kc_col-sm-4 kc_column kc_col-sm-4\"><div class=\"kc-col-container\">\n<div class=\"kc-elm kc-css-320172 kc-title-wrap \">\n\n\t<h3 class=\"kc_title\"><a href=\"https:\/\/en.naqa.gov.ua\/?page_id=5003\" class=\"kc_title_link\" title=\"\" target=\"\">Aqim Emurli \u2013 Vice Head of the Advisory Board<\/a><\/h3>\n<\/div>\n<div class=\"kc-elm kc-css-974449 kc_shortcode kc_single_image\">\n\n        <img decoding=\"async\" src=\"https:\/\/en.naqa.gov.ua\/wp-content\/uploads\/2025\/06\/Aqim-Emurli-300x300.png\" class=\"\" alt=\"\" \/>    <\/div>\n<\/div><\/div><div class=\"kc-elm kc-css-845430 kc_col-sm-4 kc_column kc_col-sm-4\"><div class=\"kc-col-container\">\n<div class=\"kc-elm kc-css-69048 kc-title-wrap \">\n\n\t<h3 class=\"kc_title\"><a href=\"https:\/\/en.naqa.gov.ua\/?page_id=1078\" class=\"kc_title_link\" title=\"\" target=\"\">Alison Johns<\/a><\/h3>\n<\/div>\n<div class=\"kc-elm kc-css-906501 kc_shortcode kc_single_image\">\n\n        <img decoding=\"async\" src=\"https:\/\/en.naqa.gov.ua\/wp-content\/uploads\/2025\/06\/Alison-Johns-300x300.png\" class=\"\" alt=\"\" \/>    <\/div>\n<\/div><\/div><\/div><\/div><\/section><section class=\"kc-elm kc-css-296029 kc_row\"><div class=\"kc-row-container  kc-container\"><div class=\"kc-wrap-columns\"><div class=\"kc-elm kc-css-2557 kc_col-sm-4 kc_column kc_col-sm-4\"><div class=\"kc-col-container\">\n<div class=\"kc-elm kc-css-386332 kc-title-wrap \">\n\n\t<h3 class=\"kc_title\"><a href=\"https:\/\/en.naqa.gov.ua\/?page_id=4993\" class=\"kc_title_link\" title=\"\" target=\"\">Amanda McKenzie<\/a><\/h3>\n<\/div>\n<div class=\"kc-elm kc-css-41476 kc_shortcode kc_single_image\">\n\n        <img decoding=\"async\" src=\"https:\/\/en.naqa.gov.ua\/wp-content\/uploads\/2025\/06\/Amanda-McKenzie-300x300.png\" class=\"\" alt=\"\" \/>    <\/div>\n<\/div><\/div><div class=\"kc-elm kc-css-178310 kc_col-sm-4 kc_column kc_col-sm-4\"><div class=\"kc-col-container\">\n<div class=\"kc-elm kc-css-565329 kc-title-wrap \">\n\n\t<h3 class=\"kc_title\"><a href=\"https:\/\/en.naqa.gov.ua\/?page_id=5005\" class=\"kc_title_link\" title=\"\" target=\"\">Fadila Bentayeb<\/a><\/h3>\n<\/div>\n<div class=\"kc-elm kc-css-772185 kc_shortcode kc_single_image\">\n\n        <img decoding=\"async\" src=\"https:\/\/en.naqa.gov.ua\/wp-content\/uploads\/2025\/06\/Fadila-Bentayeb-300x300.png\" class=\"\" alt=\"\" \/>    <\/div>\n<\/div><\/div><div class=\"kc-elm kc-css-101724 kc_col-sm-4 kc_column kc_col-sm-4\"><div class=\"kc-col-container\">\n<div class=\"kc-elm kc-css-661182 kc-title-wrap \">\n\n\t<h3 class=\"kc_title\"><a href=\"https:\/\/en.naqa.gov.ua\/?page_id=1095\" class=\"kc_title_link\" title=\"\" target=\"\">Ian Welch<\/a><\/h3>\n<\/div>\n<div class=\"kc-elm kc-css-285512 kc_shortcode kc_single_image\">\n\n        <img decoding=\"async\" src=\"https:\/\/en.naqa.gov.ua\/wp-content\/uploads\/2025\/06\/Ian-Welch-300x300.png\" class=\"\" alt=\"\" \/>    <\/div>\n<\/div><\/div><\/div><\/div><\/section><section class=\"kc-elm kc-css-362456 kc_row\"><div class=\"kc-row-container  kc-container\"><div class=\"kc-wrap-columns\"><div class=\"kc-elm kc-css-864145 kc_col-sm-4 kc_column kc_col-sm-4\"><div class=\"kc-col-container\">\n<div class=\"kc-elm kc-css-139946 kc-title-wrap \">\n\n\t<h3 class=\"kc_title\"><a href=\"https:\/\/en.naqa.gov.ua\/?page_id=1099\" class=\"kc_title_link\" title=\"\" target=\"\">Irine Darchia<\/a><\/h3>\n<\/div>\n<div class=\"kc-elm kc-css-866882 kc_shortcode kc_single_image\">\n\n        <img decoding=\"async\" src=\"https:\/\/en.naqa.gov.ua\/wp-content\/uploads\/2025\/06\/Irine-Darchia-300x300.png\" class=\"\" alt=\"\" \/>    <\/div>\n<\/div><\/div><div class=\"kc-elm kc-css-851054 kc_col-sm-4 kc_column kc_col-sm-4\"><div class=\"kc-col-container\">\n<div class=\"kc-elm kc-css-151848 kc-title-wrap \">\n\n\t<h3 class=\"kc_title\"><a href=\"https:\/\/en.naqa.gov.ua\/?page_id=5010\" class=\"kc_title_link\" title=\"\" target=\"\">Jo\u00e3o Manuel Livramento Dias da Silva<\/a><\/h3>\n<\/div>\n<div class=\"kc-elm kc-css-158676 kc_shortcode kc_single_image\">\n\n        <img decoding=\"async\" src=\"https:\/\/en.naqa.gov.ua\/wp-content\/uploads\/2025\/06\/Joao-Manuel-Livramento-Dias-da-Silva-300x300.png\" class=\"\" alt=\"\" \/>    <\/div>\n<\/div><\/div><div class=\"kc-elm kc-css-131225 kc_col-sm-4 kc_column kc_col-sm-4\"><div class=\"kc-col-container\">\n<div class=\"kc-elm kc-css-638992 kc-title-wrap \">\n\n\t<h3 class=\"kc_title\"><a href=\"https:\/\/en.naqa.gov.ua\/?page_id=5012\" class=\"kc_title_link\" title=\"\" target=\"\">Mariam Kilanava<\/a><\/h3>\n<\/div>\n<div class=\"kc-elm kc-css-88055 kc_shortcode kc_single_image\">\n\n        <img decoding=\"async\" src=\"https:\/\/en.naqa.gov.ua\/wp-content\/uploads\/2025\/06\/Mariam-Kilanava-300x300.png\" class=\"\" alt=\"\" \/>    <\/div>\n<\/div><\/div><\/div><\/div><\/section><section class=\"kc-elm kc-css-153394 kc_row\"><div class=\"kc-row-container  kc-container\"><div class=\"kc-wrap-columns\"><div class=\"kc-elm kc-css-391110 kc_col-sm-4 kc_column kc_col-sm-4\"><div class=\"kc-col-container\">\n<div class=\"kc-elm kc-css-386433 kc-title-wrap \">\n\n\t<h3 class=\"kc_title\"><a href=\"https:\/\/en.naqa.gov.ua\/?page_id=5015\" class=\"kc_title_link\" title=\"\" target=\"\">Martin G. Erikson<\/a><\/h3>\n<\/div>\n<div class=\"kc-elm kc-css-800548 kc_shortcode kc_single_image\">\n\n        <img decoding=\"async\" src=\"https:\/\/en.naqa.gov.ua\/wp-content\/uploads\/2025\/06\/Martin-G.-Erikson-300x300.png\" class=\"\" alt=\"\" \/>    <\/div>\n<\/div><\/div><div class=\"kc-elm kc-css-110625 kc_col-sm-4 kc_column kc_col-sm-4\"><div class=\"kc-col-container\">\n<div class=\"kc-elm kc-css-420057 kc-title-wrap \">\n\n\t<h3 class=\"kc_title\"><a href=\"https:\/\/en.naqa.gov.ua\/?page_id=1048\" class=\"kc_title_link\" title=\"\" target=\"\">Olgun Cicek<\/a><\/h3>\n<\/div>\n<div class=\"kc-elm kc-css-794590 kc_shortcode kc_single_image\">\n\n        <img decoding=\"async\" src=\"https:\/\/en.naqa.gov.ua\/wp-content\/uploads\/2025\/06\/Olgun-Cicek-300x300.png\" class=\"\" alt=\"\" \/>    <\/div>\n<\/div><\/div><div class=\"kc-elm kc-css-736962 kc_col-sm-4 kc_column kc_col-sm-4\"><div class=\"kc-col-container\">\n<div class=\"kc-elm kc-css-320399 kc-title-wrap \">\n\n\t<h3 class=\"kc_title\"><a href=\"https:\/\/en.naqa.gov.ua\/?page_id=1108\" class=\"kc_title_link\" title=\"\" target=\"\">Tom\u00e1\u0161 Folt\u00fdnek<\/a><\/h3>\n<\/div>\n<div class=\"kc-elm kc-css-767290 kc_shortcode kc_single_image\">\n\n        <img decoding=\"async\" src=\"https:\/\/en.naqa.gov.ua\/wp-content\/uploads\/2025\/06\/Tomas-Foltynek-300x300.png\" class=\"\" alt=\"\" \/>    <\/div>\n<\/div><\/div><\/div><\/div><\/section><section class=\"kc-elm kc-css-397651 kc_row\"><div class=\"kc-row-container  kc-container\"><div class=\"kc-wrap-columns\"><div class=\"kc-elm kc-css-916257 kc_col-sm-4 kc_column kc_col-sm-4\"><div class=\"kc-col-container\">\n<div class=\"kc-elm kc-css-553304 kc-title-wrap \">\n\n\t<h3 class=\"kc_title\"><a href=\"https:\/\/en.naqa.gov.ua\/?page_id=1119\" class=\"kc_title_link\" title=\"\" target=\"\">Tricia Bertram Gallant<\/a><\/h3>\n<\/div>\n<div class=\"kc-elm kc-css-175384 kc_shortcode kc_single_image\">\n\n        <img decoding=\"async\" src=\"https:\/\/en.naqa.gov.ua\/wp-content\/uploads\/2025\/06\/Tricia-Bertram-Gallant-300x300.png\" class=\"\" alt=\"\" \/>    <\/div>\n<\/div><\/div><div class=\"kc-elm kc-css-700363 kc_col-sm-4 kc_column kc_col-sm-4\"><div class=\"kc-col-container\">\n<div class=\"kc-elm kc-css-807978 kc-title-wrap \">\n\n\t<h3 class=\"kc_title\"><a href=\"https:\/\/en.naqa.gov.ua\/?page_id=5028\" class=\"kc_title_link\" title=\"Ulf Hedbj\u00f6rk\" target=\"\">Ulf Hedbj\u00f6rk<\/a><\/h3>\n<\/div>\n<div class=\"kc-elm kc-css-15283 kc_shortcode kc_single_image\">\n\n        <img decoding=\"async\" src=\"https:\/\/en.naqa.gov.ua\/wp-content\/uploads\/2025\/06\/Ulf-Hedbjork-2-300x300.png\" class=\"\" alt=\"\" \/>    <\/div>\n<\/div><\/div><div class=\"kc-elm kc-css-156233 kc_col-sm-4 kc_column kc_col-sm-4\"><div class=\"kc-col-container\">\n<div class=\"kc-elm kc-css-395565 kc-title-wrap \">\n\n\t<h3 class=\"kc_title\"><a href=\"https:\/\/en.naqa.gov.ua\/?page_id=1112\" class=\"kc_title_link\" title=\"\" target=\"\">Zbigniew Marciniak<\/a><\/h3>\n<\/div>\n<div class=\"kc-elm kc-css-603381 kc_shortcode kc_single_image\">\n\n        <img decoding=\"async\" src=\"https:\/\/en.naqa.gov.ua\/wp-content\/uploads\/2025\/06\/Zbigniew-Marciniak-300x300.png\" class=\"\" alt=\"\" \/>    <\/div>\n<\/div><\/div><\/div><\/div><\/section><section class=\"kc-elm kc-css-238719 kc_row\"><div class=\"kc-row-container  kc-container\"><div class=\"kc-wrap-columns\"><div class=\"kc-elm kc-css-499178 kc_col-sm-12 kc_column kc_col-sm-12\"><div class=\"kc-col-container\"><div class=\"kc-elm kc-css-713682\" style=\"height: 95px; clear: both; width:100%;\"><\/div><\/div><\/div><\/div><\/div><\/section><section class=\"kc-elm kc-css-790276 kc_row\"><div class=\"kc-row-container  kc-container\"><div class=\"kc-wrap-columns\"><div class=\"kc-elm kc-css-599430 kc_col-sm-12 kc_column kc_col-sm-12\"><div class=\"kc-col-container\"><div data-closeall=\"true\" class=\"kc-elm kc-css-707065 kc_accordion_wrapper\">\n<div class=\"kc-elm kc-css-345534 kc_accordion_section group \"><h3 class=\"kc_accordion_header ui-accordion-header\"><span class=\"ui-accordion-header-icon ui-icon\"><\/span><a href=\"#personal-composition-2020-2025\" data-prevent=\"scroll\"><i class=\"\"><\/i> Personal composition 2020-2025<\/a><\/h3><div class=\"kc_accordion_content ui-accordion-content kc_clearfix\"><div class=\"kc-panel-body\"><div class=\"kc-elm kc-css-766713 kc_text_block\"><ul>\n<li><a class=\"kc_title_link\" style=\"box-sizing: border-box; background-color: transparent; color: #1e73be; text-decoration-line: none; transition: 0.14s ease-out; box-shadow: none;\" title=\"\" href=\"https:\/\/en.naqa.gov.ua\/?page_id=1095\" target=\"\" rel=\"noopener\">Ian Welch &#8211; Chair of the Advisory Board<\/a><\/li>\n<li><a class=\"kc_title_link\" style=\"box-sizing: border-box; background-color: transparent; color: #1e73be; text-decoration-line: none; transition: 0.14s ease-out; box-shadow: none;\" title=\"\" href=\"https:\/\/en.naqa.gov.ua\/?page_id=1055\" target=\"\" rel=\"noopener\">Lennart St\u00e5hle &#8211; Vice-Chair of the Advisory Board<\/a><\/li>\n<li><a class=\"kc_title_link\" style=\"box-sizing: border-box; background-color: transparent; color: #1e73be; text-decoration-line: none; transition: 0.14s ease-out; box-shadow: none; padding-top: 20px;\" title=\"\" href=\"https:\/\/en.naqa.gov.ua\/?page_id=1078\" target=\"\" rel=\"noopener\">Alison Johns<\/a><\/li>\n<li><a class=\"kc_title_link\" style=\"box-sizing: border-box; background-color: transparent; color: #1e73be; text-decoration-line: none; transition: 0.14s ease-out; box-shadow: none;\" title=\"\" href=\"https:\/\/en.naqa.gov.ua\/?page_id=1119\" target=\"\" rel=\"noopener\">Tricia Bertram Gallant<\/a><\/li>\n<li><a class=\"kc_title_link\" style=\"box-sizing: border-box; background-color: transparent; color: #1e73be; text-decoration-line: none; transition: 0.14s ease-out; box-shadow: none;\" title=\"\" href=\"https:\/\/en.naqa.gov.ua\/?page_id=1099\" target=\"\" rel=\"noopener\">Irine Darchia<\/a><\/li>\n<li><a class=\"kc_title_link\" style=\"box-sizing: border-box; background-color: transparent; color: #1e73be; text-decoration-line: none; transition: 0.14s ease-out; box-shadow: none;\" title=\"\" href=\"https:\/\/en.naqa.gov.ua\/?page_id=1052\" target=\"\" rel=\"noopener\">Jean-Hugues Chauchat<\/a><\/li>\n<li><a class=\"kc_title_link\" style=\"box-sizing: border-box; background-color: transparent; color: #1e73be; text-decoration-line: none; transition: 0.14s ease-out; box-shadow: none;\" title=\"\" href=\"https:\/\/en.naqa.gov.ua\/?page_id=1048\" target=\"\" rel=\"noopener\">Olgun Cicek<\/a><\/li>\n<li><a class=\"kc_title_link\" style=\"box-sizing: border-box; background-color: transparent; color: #1e73be; text-decoration-line: none; transition: 0.14s ease-out; box-shadow: none;\" title=\"\" href=\"https:\/\/en.naqa.gov.ua\/?page_id=1108\" target=\"\" rel=\"noopener\">Tom\u00e1\u0161 Folt\u00fdnek<\/a><\/li>\n<li><a class=\"kc_title_link\" style=\"box-sizing: border-box; background-color: transparent; color: #1e73be; text-decoration-line: none; transition: 0.14s ease-out; box-shadow: none;\" title=\"\" href=\"https:\/\/en.naqa.gov.ua\/?page_id=1112\" target=\"\" rel=\"noopener\">Zbigniew Marciniak<\/a><\/li>\n<\/ul>\n<\/div><\/div><\/div><\/div><\/div>\n<\/div><\/div><\/div><\/div><\/section>\n","protected":false},"excerpt":{"rendered":"","protected":false},"author":2,"featured_media":0,"parent":0,"menu_order":0,"comment_status":"closed","ping_status":"closed","template":"","meta":{"footnotes":""},"class_list":["post-1035","page","type-page","status-publish","hentry"],"_links":{"self":[{"href":"https:\/\/en.naqa.gov.ua\/index.php?rest_route=\/wp\/v2\/pages\/1035","targetHints":{"allow":["GET"]}}],"collection":[{"href":"https:\/\/en.naqa.gov.ua\/index.php?rest_route=\/wp\/v2\/pages"}],"about":[{"href":"https:\/\/en.naqa.gov.ua\/index.php?rest_route=\/wp\/v2\/types\/page"}],"author":[{"embeddable":true,"href":"https:\/\/en.naqa.gov.ua\/index.php?rest_route=\/wp\/v2\/users\/2"}],"replies":[{"embeddable":true,"href":"https:\/\/en.naqa.gov.ua\/index.php?rest_route=%2Fwp%2Fv2%2Fcomments&post=1035"}],"version-history":[{"count":92,"href":"https:\/\/en.naqa.gov.ua\/index.php?rest_route=\/wp\/v2\/pages\/1035\/revisions"}],"predecessor-version":[{"id":4960,"href":"https:\/\/en.naqa.gov.ua\/index.php?rest_route=\/wp\/v2\/pages\/1035\/revisions\/4960"}],"wp:attachment":[{"href":"https:\/\/en.naqa.gov.ua\/index.php?rest_route=%2Fwp%2Fv2%2Fmedia&parent=1035"}],"curies":[{"name":"wp","href":"https:\/\/api.w.org\/{rel}","templated":true}]}}