{"id":1052,"date":"2020-12-01T12:33:30","date_gmt":"2020-12-01T10:33:30","guid":{"rendered":"https:\/\/en.naqa.gov.ua\/?page_id=1052"},"modified":"2024-05-13T14:25:43","modified_gmt":"2024-05-13T11:25:43","slug":"jean-hugues-chauchat","status":"publish","type":"page","link":"https:\/\/en.naqa.gov.ua\/?page_id=1052","title":{"rendered":"Jean-Hugues Chauchat"},"content":{"rendered":"\n<figure class=\"wp-block-image size-medium\"><img loading=\"lazy\" decoding=\"async\" width=\"300\" height=\"300\" src=\"https:\/\/en.naqa.gov.ua\/wp-content\/uploads\/2020\/12\/Chauchat-300x300.png\" alt=\"\" class=\"wp-image-1136\" srcset=\"https:\/\/en.naqa.gov.ua\/wp-content\/uploads\/2020\/12\/Chauchat-300x300.png 300w, https:\/\/en.naqa.gov.ua\/wp-content\/uploads\/2020\/12\/Chauchat-1024x1024.png 1024w, https:\/\/en.naqa.gov.ua\/wp-content\/uploads\/2020\/12\/Chauchat-150x150.png 150w, https:\/\/en.naqa.gov.ua\/wp-content\/uploads\/2020\/12\/Chauchat-768x768.png 768w, https:\/\/en.naqa.gov.ua\/wp-content\/uploads\/2020\/12\/Chauchat.png 1200w\" sizes=\"auto, (max-width: 300px) 100vw, 300px\" \/><\/figure>\n\n\n<p><strong>Jean-Hugues Chauchat<\/strong> is an Emeritus Professor at the university Lumi\u00e8re Lyon2.<\/p>\n<p>Obtained a Bachelor&#8217;s degree in Economics at the University Paris 1 Panth\u00e9on-Sorbonne and a Master&#8217;s degree in Statistics at the Institut de statistique de Sorbonne Universit\u00e9, followed by a PhD in Applied Mathematics at the Universit\u00e9 Claude Bernard Lyon 1.<\/p>\n<p>Created and directed the Master &#8220;Statistics and Socio-Economic Informatics&#8221;, then the Franco-Ukrainian Master &#8220;Informatics, Data Science and Management&#8221;, common to the universities KNUE and Lyon2. He was a visiting professor at the University of Delaware (USA) during one semester.<\/p>\n<p>Has participated in numerous international programmes, in particular in three European projects involving Ukrainian partners: SUCSID, MASTIS and DocHub. These projects have contributed to the modernisation of the curricula of Ukrainian universities and to the opening up of Ukrainian universities to society (companies, administrations and associations).<\/p>\n<p>Jean-Hugues Chauchat is an elected member of the International Statistical Institute, and Honorary Professor of KNUE.<\/p>\n<p><b><i><a class=\"x_x_moz-txt-link-abbreviated\" href=\"mailto:jhc@aasma.fr\" data-linkindex=\"0\">jhc@aasma.fr<\/a><\/i><\/b><\/p>\n<p>Skype: jh.chauchat<\/p>","protected":false},"excerpt":{"rendered":"<p>Jean-Hugues Chauchat is an Emeritus Professor at the university Lumi\u00e8re Lyon2. Obtained a Bachelor&#8217;s degree in Economics at the University Paris 1 Panth\u00e9on-Sorbonne and a&hellip;<\/p>\n","protected":false},"author":2,"featured_media":0,"parent":0,"menu_order":0,"comment_status":"closed","ping_status":"closed","template":"","meta":{"footnotes":""},"class_list":["post-1052","page","type-page","status-publish","hentry"],"_links":{"self":[{"href":"https:\/\/en.naqa.gov.ua\/index.php?rest_route=\/wp\/v2\/pages\/1052","targetHints":{"allow":["GET"]}}],"collection":[{"href":"https:\/\/en.naqa.gov.ua\/index.php?rest_route=\/wp\/v2\/pages"}],"about":[{"href":"https:\/\/en.naqa.gov.ua\/index.php?rest_route=\/wp\/v2\/types\/page"}],"author":[{"embeddable":true,"href":"https:\/\/en.naqa.gov.ua\/index.php?rest_route=\/wp\/v2\/users\/2"}],"replies":[{"embeddable":true,"href":"https:\/\/en.naqa.gov.ua\/index.php?rest_route=%2Fwp%2Fv2%2Fcomments&post=1052"}],"version-history":[{"count":5,"href":"https:\/\/en.naqa.gov.ua\/index.php?rest_route=\/wp\/v2\/pages\/1052\/revisions"}],"predecessor-version":[{"id":4086,"href":"https:\/\/en.naqa.gov.ua\/index.php?rest_route=\/wp\/v2\/pages\/1052\/revisions\/4086"}],"wp:attachment":[{"href":"https:\/\/en.naqa.gov.ua\/index.php?rest_route=%2Fwp%2Fv2%2Fmedia&parent=1052"}],"curies":[{"name":"wp","href":"https:\/\/api.w.org\/{rel}","templated":true}]}}